{"id":1953,"date":"2019-08-06T12:30:48","date_gmt":"2019-08-06T10:30:48","guid":{"rendered":"https:\/\/mava-foundation.org\/privacy-policy\/"},"modified":"2023-05-02T12:33:15","modified_gmt":"2023-05-02T10:33:15","slug":"politique-de-confidentialite","status":"publish","type":"page","link":"https:\/\/mava-foundation.org\/fr\/politique-de-confidentialite\/","title":{"rendered":"Politique de confidentialit\u00e9"},"content":{"rendered":"\n<p>Cette politique de protection des donn\u00e9es (ci-apr\u00e8s, la \u00ab&nbsp;Politique&nbsp;\u00bb) explique comment notre organisation utilise les donn\u00e9es personnelles que nous recueillons aupr\u00e8s de vous lorsque vous utilisez notre site web.<\/p>\n\n\n\n<p>En utilisant notre site web, vous acceptez automatiquement les conditions d\u00e9crites dans cette Politique. Si vous ne souhaitez pas accepter ces conditions, merci de vous abstenir de consulter notre site web.<\/p>\n\n\n\n<p>Nous nous r\u00e9servons le droit de modifier ou d\u2019amender cette politique de temps \u00e0 autre, sans pr\u00e9avis. Votre utilisation de notre site web apr\u00e8s la publication de ces modifications signifie que vous les acceptez automatiquement, y compris celles affectant les informations collect\u00e9es avant la date de la modification. Si vous ne souhaitez pas vous soumettre \u00e0 la politique r\u00e9vis\u00e9e, cessez imm\u00e9diatement d\u2019utiliser ce site web.<\/p>\n\n\n\n<h3 class=\"wp-block-heading\">La Fondation MAVA respecte votre vie priv\u00e9e<\/h3>\n\n\n\n<p>La protection de votre vie priv\u00e9e lors du traitement des donn\u00e9es personnelles ainsi que la s\u00e9curit\u00e9 de toutes les donn\u00e9es personnelles sont importantes pour nous. Par le biais de cette politique de protection des donn\u00e9es, nous vous informons sur les donn\u00e9es que nous collectons aupr\u00e8s de vous, pourquoi nous en avons besoin et comment vous pouvez vous opposer au traitement de ces donn\u00e9es.<\/p>\n\n\n\n<p>Nous collectons, traitons et stockons des donn\u00e9es personnelles (y compris des adresses IP) uniquement en accord avec les dispositions l\u00e9gales en vigueur ou si vous nous avez donn\u00e9 votre consentement pour cela, par exemple lors d\u2019une inscription.<\/p>\n\n\n\n<h3 class=\"wp-block-heading\">Champ d&rsquo;application<\/h3>\n\n\n\n<p>Cette politique r\u00e9git les obligations de la Fondation MAVA lorsque nous traitons vos donn\u00e9es personnelles conform\u00e9ment \u00e0 la loi suisse sur la protection des donn\u00e9es (\u00ab&nbsp;FDPA&nbsp;\u00bb) et au r\u00e8glement europ\u00e9en sur la protection des donn\u00e9es (\u00ab&nbsp;RGPD&nbsp;\u00bb) dans leur version actuelle (ci-apr\u00e8s, conjointement, la \u00ab&nbsp;L\u00e9gislation sur la protection des donn\u00e9es&nbsp;\u00bb).<\/p>\n\n\n\n<p>La L\u00e9gislation sur la protection des donn\u00e9es d\u00e9finit les \u00ab&nbsp;donn\u00e9es personnelles&nbsp;\u00bb comme toute information relative \u00e0 une personne physique ou morale identifi\u00e9e ou identifiable, notamment par r\u00e9f\u00e9rence \u00e0 un identifiant tel qu\u2019un nom, un num\u00e9ro d\u2019identification, des donn\u00e9es de localisation, un identifiant en ligne ou \u00e0 un ou plusieurs facteurs sp\u00e9cifiques \u00e0 l\u2019identit\u00e9 physique, physiologique, g\u00e9n\u00e9tique, mentale, \u00e9conomique, culturelle ou sociale de cette personne physique ou morale. Cette politique d\u00e9finit les proc\u00e9dures que la Fondation MAVA devra suivre lors du traitement des donn\u00e9es personnelles. La Fondation MAVA doit se conformer en tout temps aux proc\u00e9dures et principes \u00e9nonc\u00e9s ici.<\/p>\n\n\n\n<h3 class=\"wp-block-heading\">Base juridique du traitement des donn\u00e9es<\/h3>\n\n\n\n<p>La Fondation MAVA traite les donn\u00e9es personnelles pour remplir ses obligations d\u00e9coulant d\u2019une relation juridique ou contractuelle avec vous, \u00e0 des fins d\u2019autres int\u00e9r\u00eats justifi\u00e9s ou pour remplir une obligation l\u00e9gale impos\u00e9e \u00e0 la Fondation MAVA en relation avec la l\u00e9gislation pertinente \u00e0 appliquer.<\/p>\n\n\n\n<h3 class=\"wp-block-heading\">Quelles donn\u00e9es personnelles collectons-nous?<\/h3>\n\n\n\n<p>Nous collectons uniquement des donn\u00e9es personnelles li\u00e9es \u00e0 notre relation avec vous. Les donn\u00e9es personnelles que nous collectons comprennent notamment vos coordonn\u00e9es, telles que votre nom, num\u00e9ro de t\u00e9l\u00e9phone, adresse ou adresse e-mail, entre autres.<\/p>\n\n\n\n<h3 class=\"wp-block-heading\">Comment recueillons-nous vos donn\u00e9es personnelles?<\/h3>\n\n\n\n<p>En r\u00e8gle g\u00e9n\u00e9rale, nous collectons des donn\u00e9es personnelles dans les cas suivants&nbsp;: lorsque vous visitez notre site web, lorsque vous communiquez directement avec nous ou lorsque vous nous fournissez vos donn\u00e9es personnelles pour d\u2019autres raisons. Dans tous les cas, nous traitons vos donn\u00e9es personnelles exclusivement aux fins pr\u00e9vues et reconnaissables par vous.<\/p>\n\n\n\n<h3 class=\"wp-block-heading\">Comment traitons-nous les donn\u00e9es?<\/h3>\n\n\n\n<p>Cette politique de confidentialit\u00e9 vise \u00e0 assurer le respect de la L\u00e9gislation sur la protection des donn\u00e9es. La L\u00e9gislation sur la protection des donn\u00e9es d\u00e9finit les principes \u00e0 respecter par toute personne en contact avec des donn\u00e9es personnelles. Selon ces principes, toutes les donn\u00e9es personnelles doivent \u00eatre&nbsp;:<\/p>\n\n\n\n<ol class=\"wp-block-list\">\n<li>trait\u00e9es selon la loi, et de mani\u00e8re \u00e9quitable et transparente&nbsp;;<\/li>\n\n\n\n<li>collect\u00e9es \u00e0 des fins d\u00e9termin\u00e9es, explicites et l\u00e9gitimes, et ne pas \u00eatre trait\u00e9es ult\u00e9rieurement de mani\u00e8re incompatible avec celles-ci&nbsp;;<\/li>\n\n\n\n<li>ad\u00e9quates et pertinentes par rapport \u00e0 la finalit\u00e9 et limit\u00e9es \u00e0 ce qui est n\u00e9cessaire aux fins du traitement&nbsp;;<\/li>\n\n\n\n<li>exactes et, le cas \u00e9ch\u00e9ant, tenues \u00e0 jour (toutes les mesures raisonnables sont prises pour que les donn\u00e9es personnelles inexactes quant aux finalit\u00e9s pour lesquelles elles sont trait\u00e9es soient effac\u00e9es ou rectifi\u00e9es sans d\u00e9lai)&nbsp;;<\/li>\n\n\n\n<li>conserv\u00e9es sous une forme permettant l\u2019identification des personnes concern\u00e9es pendant une dur\u00e9e ne d\u00e9passant pas celle n\u00e9cessaire pour les finalit\u00e9s pour lesquelles les donn\u00e9es personnelles sont trait\u00e9es&nbsp;;<\/li>\n\n\n\n<li>trait\u00e9es de mani\u00e8re \u00e0 assurer une s\u00e9curit\u00e9 ad\u00e9quate des donn\u00e9es personnelles, y compris leur protection contre les traitements non autoris\u00e9s ou illicites et contre la perte, la destruction ou la d\u00e9t\u00e9rioration accidentelles, par des mesures techniques ou organisationnelles appropri\u00e9es.<\/li>\n<\/ol>\n\n\n\n<h3 class=\"wp-block-heading\">Quelles donn\u00e9es son trait\u00e9es lors de l&rsquo;utilisation de nos pages internet?<\/h3>\n\n\n\n<p>En principe, vous pouvez visiter nos pages internet sans avoir \u00e0 fournir d\u2019informations personnelles. Lorsque vous visitez nos pages internet, nos serveurs enregistrent temporairement chaque acc\u00e8s dans un fichier journal. Les donn\u00e9es techniques suivantes sont enregistr\u00e9es et stock\u00e9es par nous jusqu\u2019\u00e0 leur suppression automatique, apr\u00e8s sept mois au plus tard&nbsp;:<\/p>\n\n\n\n<ul class=\"wp-block-list\">\n<li>Adresse IP de l\u2019ordinateur \u00e9mettant la requ\u00eate<\/li>\n\n\n\n<li>Date et heure d\u2019acc\u00e8s<\/li>\n\n\n\n<li>Page internet \u00e0 partir de laquelle l\u2019acc\u00e8s a \u00e9t\u00e9 effectu\u00e9, le cas \u00e9ch\u00e9ant avec le terme de recherche utilis\u00e9<\/li>\n\n\n\n<li>Nom et URL du fichier consult\u00e9<\/li>\n\n\n\n<li>Recherches ex\u00e9cut\u00e9es<\/li>\n\n\n\n<li>Syst\u00e8me d\u2019exploitation de votre ordinateur (fourni par l\u2019Agent utilisateur)<\/li>\n\n\n\n<li>Navigateur utilis\u00e9 (fourni par l\u2019Agent utilisateur)<\/li>\n\n\n\n<li>Type d\u2019appareil dans le cas d\u2019un acc\u00e8s depuis un t\u00e9l\u00e9phone mobile<\/li>\n\n\n\n<li>Protocole de transmission utilis\u00e9<\/li>\n<\/ul>\n\n\n\n<p>La collecte et le traitement de ces donn\u00e9es servent \u00e0 la s\u00e9curit\u00e9 et la stabilit\u00e9 du syst\u00e8me, \u00e0 l\u2019analyse des erreurs et des performances ainsi qu\u2019\u00e0 des fins statistiques internes, et nous permettent d\u2019optimiser notre offre internet. L\u2019adresse IP est \u00e9galement utilis\u00e9e pour pr\u00e9d\u00e9finir la langue dans laquelle le site web sera affich\u00e9.<\/p>\n\n\n\n<h3 class=\"wp-block-heading\">Que sont les cookies et quand sont-ils utilis\u00e9s?<\/h3>\n\n\n\n<p>Les cookies sont des petits fichiers de texte stock\u00e9s sur votre ordinateur lorsque vous consultez un site web. Nous n\u2019utilisons pas de cookies et n\u2019en utiliserons pas, \u00e0 moins que la r\u00e9glementation ne change.<\/p>\n\n\n\n<h3 class=\"wp-block-heading\">Quels sont vos droits en ce qui concerne vos donn\u00e9es personnelles?<\/h3>\n\n\n\n<p>En ce qui concerne vos donn\u00e9es personnelles, vous disposez des droits suivants&nbsp;:<\/p>\n\n\n\n<ul class=\"wp-block-list\">\n<li>Vous pouvez demander des informations sur les donn\u00e9es personnelles stock\u00e9es vous concernant.<\/li>\n\n\n\n<li>Vous pouvez exiger que vos donn\u00e9es personnelles soient corrig\u00e9es, compl\u00e9t\u00e9es, bloqu\u00e9es ou supprim\u00e9es.<\/li>\n\n\n\n<li>Si vous nous avez donn\u00e9 la permission de traiter vos donn\u00e9es, vous pouvez r\u00e9voquer cette autorisation \u00e0 tout moment sans effet r\u00e9troactif possible.<\/li>\n<\/ul>\n\n\n\n<p>Pour exercer vos droits, un e-mail suffit. Voir la section de contact.<\/p>\n\n\n\n<h3 class=\"wp-block-heading\">S\u00e9curit\u00e9 des donn\u00e9es<\/h3>\n\n\n\n<p>Nous utilisons des mesures de s\u00e9curit\u00e9 techniques et organisationnelles appropri\u00e9es pour prot\u00e9ger vos donn\u00e9es personnelles stock\u00e9es chez nous contre toute manipulation, perte partielle ou totale et contre un acc\u00e8s non autoris\u00e9 par des tiers. Ces mesures de s\u00e9curit\u00e9 sont am\u00e9lior\u00e9es en permanence pour tenir compte des \u00e9volutions technologiques.<\/p>\n\n\n\n<h3 class=\"wp-block-heading\">R\u00e9vocation de consentement<\/h3>\n\n\n\n<p>Si le traitement de vos donn\u00e9es personnelles est bas\u00e9 sur un consentement, vous avez le droit de r\u00e9voquer ce consentement \u00e0 tout moment par e-mail \u00e0\u00a0: <a href=\"mailto:rachel.sturm@fondationmava.org\">rachel.sturm@fondationmava.org<\/a><\/p>\n\n\n\n<h3 class=\"wp-block-heading\">Modifications \u00e0 la pr\u00e9sente politique de confidentialit\u00e9<\/h3>\n\n\n\n<p>Nous nous r\u00e9servons le droit de modifier et compl\u00e9ter cette politique de confidentialit\u00e9 \u00e0 tout moment, \u00e0 notre discr\u00e9tion et conform\u00e9ment \u00e0 la L\u00e9gislation sur la protection des donn\u00e9es. Merci de consulter r\u00e9guli\u00e8rement notre site web.<\/p>\n\n\n\n<h3 class=\"wp-block-heading\">Droit applicable et tribunaux comp\u00e9tents<\/h3>\n\n\n\n<p>Cette politique de confidentialit\u00e9 ainsi que toute question d\u00e9coulant ou relative \u00e0 celle-ci seront r\u00e9gies par les lois substantielles de la Suisse (\u00e0 l\u2019exception de la Convention de Vienne sur les contrats de vente internationale de marchandises).<\/p>\n\n\n\n<p>Tout litige ou r\u00e9clamation entre vous et la Fondation MAVA sera soumis \u00e0 la comp\u00e9tence exclusive des tribunaux de Lausanne, Suisse.<\/p>\n\n\n\n<h3 class=\"wp-block-heading\">Politiques de confidentialit\u00e9 d&rsquo;autres site web<\/h3>\n\n\n\n<p>Le site web de la Fondation MAVA contient des liens vers d\u2019autres sites web. Notre politique de confidentialit\u00e9 s\u2019applique uniquement \u00e0 notre site web. Si vous cliquez sur un lien vers un autre site web, nous vous conseillons donc de consulter sa politique de confidentialit\u00e9 sp\u00e9cifique.<\/p>\n\n\n\n<h3 class=\"wp-block-heading\">Contact<\/h3>\n\n\n\n<p>Pour toute question sur vos droits en ce qui concerne vos donn\u00e9es personnelles ou toute autre question li\u00e9e \u00e0 ce sujet, n\u2019h\u00e9sitez pas \u00e0 nous contacter.<\/p>\n\n\n\n<p>\u00c9crivez-nous \u00e0\u00a0: <a href=\"mailto:rachel.sturm@fondationmava.org\">rachel.sturm@fondationmava.org<\/a><\/p>\n","protected":false},"excerpt":{"rendered":"<p>Cette politique de protection des donn\u00e9es (ci-apr\u00e8s, la \u00ab&nbsp;Politique&nbsp;\u00bb) explique comment notre organisation utilise les donn\u00e9es personnelles que nous recueillons aupr\u00e8s de vous lorsque vous utilisez notre site web. En utilisant notre site web, vous acceptez automatiquement les conditions d\u00e9crites dans cette Politique. Si vous ne souhaitez pas accepter ces conditions, merci de vous abstenir [&hellip;]<\/p>\n","protected":false},"author":1,"featured_media":0,"parent":0,"menu_order":0,"comment_status":"closed","ping_status":"closed","template":"","meta":{"_acf_changed":false,"footnotes":""},"class_list":["post-1953","page","type-page","status-publish","hentry"],"acf":[],"yoast_head":"<!-- This site is optimized with the Yoast SEO plugin v27.0 - https:\/\/yoast.com\/product\/yoast-seo-wordpress\/ -->\n<title>Politique de confidentialit\u00e9 | Fondation MAVA<\/title>\n<meta name=\"robots\" content=\"index, follow, max-snippet:-1, max-image-preview:large, max-video-preview:-1\" \/>\n<link rel=\"canonical\" href=\"https:\/\/mava-foundation.org\/fr\/politique-de-confidentialite\/\" \/>\n<meta property=\"og:locale\" content=\"fr_FR\" \/>\n<meta property=\"og:type\" content=\"article\" \/>\n<meta property=\"og:title\" content=\"Politique de confidentialit\u00e9 | Fondation MAVA\" \/>\n<meta property=\"og:description\" content=\"Cette politique de protection des donn\u00e9es (ci-apr\u00e8s, la \u00ab&nbsp;Politique&nbsp;\u00bb) explique comment notre organisation utilise les donn\u00e9es personnelles que nous recueillons aupr\u00e8s de vous lorsque vous utilisez notre site web. En utilisant notre site web, vous acceptez automatiquement les conditions d\u00e9crites dans cette Politique. Si vous ne souhaitez pas accepter ces conditions, merci de vous abstenir [&hellip;]\" \/>\n<meta property=\"og:url\" content=\"https:\/\/mava-foundation.org\/fr\/politique-de-confidentialite\/\" \/>\n<meta property=\"og:site_name\" content=\"Fondation MAVA\" \/>\n<meta property=\"article:modified_time\" content=\"2023-05-02T10:33:15+00:00\" \/>\n<meta property=\"og:image\" content=\"https:\/\/mava-foundation.org\/wp-content\/uploads\/2023\/03\/logo..png\" \/>\n\t<meta property=\"og:image:width\" content=\"356\" \/>\n\t<meta property=\"og:image:height\" content=\"200\" \/>\n\t<meta property=\"og:image:type\" content=\"image\/png\" \/>\n<meta name=\"twitter:card\" content=\"summary_large_image\" \/>\n<meta name=\"twitter:label1\" content=\"Dur\u00e9e de lecture estim\u00e9e\" \/>\n\t<meta name=\"twitter:data1\" content=\"6 minutes\" \/>\n<script type=\"application\/ld+json\" class=\"yoast-schema-graph\">{\"@context\":\"https:\/\/schema.org\",\"@graph\":[{\"@type\":\"WebPage\",\"@id\":\"https:\/\/mava-foundation.org\/fr\/politique-de-confidentialite\/\",\"url\":\"https:\/\/mava-foundation.org\/fr\/politique-de-confidentialite\/\",\"name\":\"Politique de confidentialit\u00e9 | Fondation MAVA\",\"isPartOf\":{\"@id\":\"https:\/\/mava-foundation.org\/fr\/#website\"},\"datePublished\":\"2019-08-06T10:30:48+00:00\",\"dateModified\":\"2023-05-02T10:33:15+00:00\",\"breadcrumb\":{\"@id\":\"https:\/\/mava-foundation.org\/fr\/politique-de-confidentialite\/#breadcrumb\"},\"inLanguage\":\"fr-FR\",\"potentialAction\":[{\"@type\":\"ReadAction\",\"target\":[\"https:\/\/mava-foundation.org\/fr\/politique-de-confidentialite\/\"]}]},{\"@type\":\"BreadcrumbList\",\"@id\":\"https:\/\/mava-foundation.org\/fr\/politique-de-confidentialite\/#breadcrumb\",\"itemListElement\":[{\"@type\":\"ListItem\",\"position\":1,\"name\":\"Accueil\",\"item\":\"https:\/\/mava-foundation.org\/fr\/\"},{\"@type\":\"ListItem\",\"position\":2,\"name\":\"Politique de confidentialit\u00e9\"}]},{\"@type\":\"WebSite\",\"@id\":\"https:\/\/mava-foundation.org\/fr\/#website\",\"url\":\"https:\/\/mava-foundation.org\/fr\/\",\"name\":\"Fondation MAVA\",\"description\":\"Un investissement au b\u00e9n\u00e9fice de l\u2019humain et de la nature\",\"publisher\":{\"@id\":\"https:\/\/mava-foundation.org\/fr\/#organization\"},\"alternateName\":\"MAVA\",\"potentialAction\":[{\"@type\":\"SearchAction\",\"target\":{\"@type\":\"EntryPoint\",\"urlTemplate\":\"https:\/\/mava-foundation.org\/fr\/?s={search_term_string}\"},\"query-input\":{\"@type\":\"PropertyValueSpecification\",\"valueRequired\":true,\"valueName\":\"search_term_string\"}}],\"inLanguage\":\"fr-FR\"},{\"@type\":\"Organization\",\"@id\":\"https:\/\/mava-foundation.org\/fr\/#organization\",\"name\":\"MAVA Foundation\",\"alternateName\":\"MAVA\",\"url\":\"https:\/\/mava-foundation.org\/fr\/\",\"logo\":{\"@type\":\"ImageObject\",\"inLanguage\":\"fr-FR\",\"@id\":\"https:\/\/mava-foundation.org\/fr\/#\/schema\/logo\/image\/\",\"url\":\"http:\/\/mava.321dev.ch\/wp-content\/uploads\/2023\/03\/logo..png\",\"contentUrl\":\"http:\/\/mava.321dev.ch\/wp-content\/uploads\/2023\/03\/logo..png\",\"width\":356,\"height\":200,\"caption\":\"MAVA Foundation\"},\"image\":{\"@id\":\"https:\/\/mava-foundation.org\/fr\/#\/schema\/logo\/image\/\"}}]}<\/script>\n<!-- \/ Yoast SEO plugin. -->","yoast_head_json":{"title":"Politique de confidentialit\u00e9 | Fondation MAVA","robots":{"index":"index","follow":"follow","max-snippet":"max-snippet:-1","max-image-preview":"max-image-preview:large","max-video-preview":"max-video-preview:-1"},"canonical":"https:\/\/mava-foundation.org\/fr\/politique-de-confidentialite\/","og_locale":"fr_FR","og_type":"article","og_title":"Politique de confidentialit\u00e9 | Fondation MAVA","og_description":"Cette politique de protection des donn\u00e9es (ci-apr\u00e8s, la \u00ab&nbsp;Politique&nbsp;\u00bb) explique comment notre organisation utilise les donn\u00e9es personnelles que nous recueillons aupr\u00e8s de vous lorsque vous utilisez notre site web. En utilisant notre site web, vous acceptez automatiquement les conditions d\u00e9crites dans cette Politique. Si vous ne souhaitez pas accepter ces conditions, merci de vous abstenir [&hellip;]","og_url":"https:\/\/mava-foundation.org\/fr\/politique-de-confidentialite\/","og_site_name":"Fondation MAVA","article_modified_time":"2023-05-02T10:33:15+00:00","og_image":[{"width":356,"height":200,"url":"https:\/\/mava-foundation.org\/wp-content\/uploads\/2023\/03\/logo..png","type":"image\/png"}],"twitter_card":"summary_large_image","twitter_misc":{"Dur\u00e9e de lecture estim\u00e9e":"6 minutes"},"schema":{"@context":"https:\/\/schema.org","@graph":[{"@type":"WebPage","@id":"https:\/\/mava-foundation.org\/fr\/politique-de-confidentialite\/","url":"https:\/\/mava-foundation.org\/fr\/politique-de-confidentialite\/","name":"Politique de confidentialit\u00e9 | Fondation MAVA","isPartOf":{"@id":"https:\/\/mava-foundation.org\/fr\/#website"},"datePublished":"2019-08-06T10:30:48+00:00","dateModified":"2023-05-02T10:33:15+00:00","breadcrumb":{"@id":"https:\/\/mava-foundation.org\/fr\/politique-de-confidentialite\/#breadcrumb"},"inLanguage":"fr-FR","potentialAction":[{"@type":"ReadAction","target":["https:\/\/mava-foundation.org\/fr\/politique-de-confidentialite\/"]}]},{"@type":"BreadcrumbList","@id":"https:\/\/mava-foundation.org\/fr\/politique-de-confidentialite\/#breadcrumb","itemListElement":[{"@type":"ListItem","position":1,"name":"Accueil","item":"https:\/\/mava-foundation.org\/fr\/"},{"@type":"ListItem","position":2,"name":"Politique de confidentialit\u00e9"}]},{"@type":"WebSite","@id":"https:\/\/mava-foundation.org\/fr\/#website","url":"https:\/\/mava-foundation.org\/fr\/","name":"Fondation MAVA","description":"Un investissement au b\u00e9n\u00e9fice de l\u2019humain et de la nature","publisher":{"@id":"https:\/\/mava-foundation.org\/fr\/#organization"},"alternateName":"MAVA","potentialAction":[{"@type":"SearchAction","target":{"@type":"EntryPoint","urlTemplate":"https:\/\/mava-foundation.org\/fr\/?s={search_term_string}"},"query-input":{"@type":"PropertyValueSpecification","valueRequired":true,"valueName":"search_term_string"}}],"inLanguage":"fr-FR"},{"@type":"Organization","@id":"https:\/\/mava-foundation.org\/fr\/#organization","name":"MAVA Foundation","alternateName":"MAVA","url":"https:\/\/mava-foundation.org\/fr\/","logo":{"@type":"ImageObject","inLanguage":"fr-FR","@id":"https:\/\/mava-foundation.org\/fr\/#\/schema\/logo\/image\/","url":"http:\/\/mava.321dev.ch\/wp-content\/uploads\/2023\/03\/logo..png","contentUrl":"http:\/\/mava.321dev.ch\/wp-content\/uploads\/2023\/03\/logo..png","width":356,"height":200,"caption":"MAVA Foundation"},"image":{"@id":"https:\/\/mava-foundation.org\/fr\/#\/schema\/logo\/image\/"}}]}},"_links":{"self":[{"href":"https:\/\/mava-foundation.org\/fr\/wp-json\/wp\/v2\/pages\/1953","targetHints":{"allow":["GET"]}}],"collection":[{"href":"https:\/\/mava-foundation.org\/fr\/wp-json\/wp\/v2\/pages"}],"about":[{"href":"https:\/\/mava-foundation.org\/fr\/wp-json\/wp\/v2\/types\/page"}],"author":[{"embeddable":true,"href":"https:\/\/mava-foundation.org\/fr\/wp-json\/wp\/v2\/users\/1"}],"replies":[{"embeddable":true,"href":"https:\/\/mava-foundation.org\/fr\/wp-json\/wp\/v2\/comments?post=1953"}],"version-history":[{"count":1,"href":"https:\/\/mava-foundation.org\/fr\/wp-json\/wp\/v2\/pages\/1953\/revisions"}],"predecessor-version":[{"id":3548,"href":"https:\/\/mava-foundation.org\/fr\/wp-json\/wp\/v2\/pages\/1953\/revisions\/3548"}],"wp:attachment":[{"href":"https:\/\/mava-foundation.org\/fr\/wp-json\/wp\/v2\/media?parent=1953"}],"curies":[{"name":"wp","href":"https:\/\/api.w.org\/{rel}","templated":true}]}}